{"id":1423,"date":"2024-07-08T13:09:54","date_gmt":"2024-07-08T11:09:54","guid":{"rendered":"https:\/\/www.stallgoop.se\/?page_id=1423"},"modified":"2025-06-27T16:14:09","modified_gmt":"2025-06-27T14:14:09","slug":"senaste","status":"publish","type":"page","link":"https:\/\/www.stallgoop.se\/index.php\/senaste\/","title":{"rendered":"Senaste"},"content":{"rendered":"\n<p class=\"has-text-align-center has-text-color has-link-color has-large-font-size wp-elements-52ed9c049fada05b5e27e5ab0f86fde2\" style=\"color:#065ca9\">V\u00c4LKOMMEN TILL STALL GOOP<\/p>\n\n\n\n<div class=\"wp-block-columns is-layout-flex wp-container-core-columns-is-layout-9d6595d7 wp-block-columns-is-layout-flex\">\n<div class=\"wp-block-column is-layout-flow wp-block-column-is-layout-flow\" style=\"flex-basis:100%\"><\/div>\n<\/div>\n\n\n<ul class=\"wp-block-latest-posts__list is-grid columns-2 has-dates has-link-color wp-elements-43ea7a4604899d5fb26929de206ee080 wp-block-latest-posts has-text-color has-black-color\"><li><a class=\"wp-block-latest-posts__post-title\" href=\"https:\/\/www.stallgoop.se\/index.php\/2026\/04\/20\/mandag-38\/\">M\u00e5ndag<\/a><time datetime=\"2026-04-20T07:59:03+02:00\" class=\"wp-block-latest-posts__post-date\">20 april 2026<\/time><div class=\"wp-block-latest-posts__post-full-content\"><!-- wp:image -->\n<figure class=\"wp-block-image\"><img alt=\"\" \/><\/figure>\n<!-- \/wp:image -->\n\n<!-- wp:image {\"id\":56253,\"sizeSlug\":\"large\",\"linkDestination\":\"none\"} -->\n<figure class=\"wp-block-image size-large\"><img loading=\"lazy\" decoding=\"async\" width=\"700\" height=\"883\" src=\"https:\/\/www.stallgoop.se\/wp-content\/uploads\/2025\/10\/568904863_18095293213691203_4761717548915179417_n-700x883.jpg\" alt=\"\" class=\"wp-image-56253\" srcset=\"https:\/\/www.stallgoop.se\/wp-content\/uploads\/2025\/10\/568904863_18095293213691203_4761717548915179417_n-700x883.jpg 700w, https:\/\/www.stallgoop.se\/wp-content\/uploads\/2025\/10\/568904863_18095293213691203_4761717548915179417_n-238x300.jpg 238w, https:\/\/www.stallgoop.se\/wp-content\/uploads\/2025\/10\/568904863_18095293213691203_4761717548915179417_n-768x968.jpg 768w, https:\/\/www.stallgoop.se\/wp-content\/uploads\/2025\/10\/568904863_18095293213691203_4761717548915179417_n.jpg 1142w\" sizes=\"auto, (max-width: 700px) 100vw, 700px\" \/><\/figure>\n<!-- \/wp:image -->\n\n<!-- wp:paragraph -->\n<p>M\u00e5ndag o idag sol sol . H\u00e4r ska trimmas fr\u00e5n 8.00 &#8211; 15.00 &#8211;  Sista turen  Gaddar \/ London Point, 45 h\u00e4star ska tr\u00e4na blandat rund, rak banan . travfritt ikv\u00e4ll.<\/p>\n<!-- \/wp:paragraph -->\n\n<!-- wp:paragraph -->\n<p>Tandl\u00e4kare Cyril p\u00e5 plats hela veckan. Vet  Olli har gjort en del t\u00e4nder o de beh\u00f6ver vi inte ta om,<\/p>\n<!-- \/wp:paragraph -->\n\n<!-- wp:paragraph -->\n<p>Veckans V86 \u00e4r \u00d6rebro med massor av miljoner i potten till en ensam vinnare!!<\/p>\n<!-- \/wp:paragraph -->\n\n<!-- wp:paragraph -->\n<p>Bara dagar kvar tills alla f\u00e5r ny semester . <\/p>\n<!-- \/wp:paragraph -->\n\n<!-- wp:paragraph -->\n<p>3 \u00e5riga Notus De Coglair  g\u00f6r debut f\u00f6r stallet i  Paris i kv\u00e4ll .<\/p>\n<!-- \/wp:paragraph -->\n\n<!-- wp:paragraph -->\n<p>g<\/p>\n<!-- \/wp:paragraph --><\/div><\/li>\n<li><a class=\"wp-block-latest-posts__post-title\" href=\"https:\/\/www.stallgoop.se\/index.php\/2026\/04\/19\/sondag-31\/\">S\u00f6ndag<\/a><time datetime=\"2026-04-19T08:05:25+02:00\" class=\"wp-block-latest-posts__post-date\">19 april 2026<\/time><div class=\"wp-block-latest-posts__post-full-content\"><!-- wp:image {\"id\":55721,\"sizeSlug\":\"large\",\"linkDestination\":\"none\"} -->\n<figure class=\"wp-block-image size-large\"><img loading=\"lazy\" decoding=\"async\" width=\"576\" height=\"1024\" src=\"https:\/\/www.stallgoop.se\/wp-content\/uploads\/2025\/04\/491286356_1249063226584093_3581891052652637335_n-576x1024.jpg\" alt=\"\" class=\"wp-image-55721\" srcset=\"https:\/\/www.stallgoop.se\/wp-content\/uploads\/2025\/04\/491286356_1249063226584093_3581891052652637335_n-576x1024.jpg 576w, https:\/\/www.stallgoop.se\/wp-content\/uploads\/2025\/04\/491286356_1249063226584093_3581891052652637335_n-169x300.jpg 169w, https:\/\/www.stallgoop.se\/wp-content\/uploads\/2025\/04\/491286356_1249063226584093_3581891052652637335_n-768x1365.jpg 768w, https:\/\/www.stallgoop.se\/wp-content\/uploads\/2025\/04\/491286356_1249063226584093_3581891052652637335_n-864x1536.jpg 864w, https:\/\/www.stallgoop.se\/wp-content\/uploads\/2025\/04\/491286356_1249063226584093_3581891052652637335_n.jpg 1080w\" sizes=\"auto, (max-width: 576px) 100vw, 576px\" \/><\/figure>\n<!-- \/wp:image -->\n\n<!-- wp:paragraph -->\n<p>L\u00e5ng  resa till Bolln\u00e4s. Tur det \u00e4r vilodag idag.\u00c5rj\u00e4ng sl\u00e5r upp sina portar idag, Ett v\u00e5rtecken.<\/p>\n<!-- \/wp:paragraph -->\n\n<!-- wp:paragraph -->\n<p>Per ska dit med 2 h\u00e4star , Nagoia ska kvala in f\u00f6r t\u00e4vling, Grey Market startar. Stallet har oxs\u00e5 Undergrand Artist  startar i Frankrike,<\/p>\n<!-- \/wp:paragraph -->\n\n<!-- wp:paragraph -->\n<p>\u00d6rebro n\u00e4sta V86 omg\u00e5ng, D\u00e5 \u00e4r det superjackpot f\u00f6r alla 40 miljoner g\u00e5r vidare till \u00d6rebro omg\u00e5ngen, <\/p>\n<!-- \/wp:paragraph -->\n\n<!-- wp:paragraph -->\n<p>L\u00e5ng resa till Bolln\u00e4s, h\u00e4stbussen efter pizza  stopp i Edsbyn rulla in p\u00e5 g\u00e5rden 01.15.<\/p>\n<!-- \/wp:paragraph -->\n\n<!-- wp:paragraph -->\n<p>Rooibois blev s\u00e5ld p\u00e5 travars kv\u00e4lls auktion ig\u00e5r. Grattis till Er som k\u00f6pte en fin starth\u00e4st.<\/p>\n<!-- \/wp:paragraph -->\n\n<!-- wp:paragraph -->\n<p><\/p>\n<!-- \/wp:paragraph --><\/div><\/li>\n<\/ul>\n\n\n<div class=\"wp-block-buttons is-content-justification-center is-layout-flex wp-container-core-buttons-is-layout-16018d1d wp-block-buttons-is-layout-flex\">\n<div class=\"wp-block-button is-style-outline is-style-outline--1\"><a class=\"wp-block-button__link has-text-color has-background has-link-color has-custom-font-size wp-element-button\" href=\"https:\/\/www.stallgoop.se\/index.php\/blog\/\" style=\"color:#e7c667;background-color:#065ca9;font-size:18px;font-style:normal;font-weight:500\">\u00c4ldre inl\u00e4gg<\/a><\/div>\n<\/div>\n\n\n\n<p><\/p>\n","protected":false},"excerpt":{"rendered":"<p>V\u00c4LKOMMEN TILL STALL GOOP<\/p>\n","protected":false},"author":1,"featured_media":0,"parent":0,"menu_order":0,"comment_status":"closed","ping_status":"closed","template":"","meta":{"footnotes":""},"class_list":["post-1423","page","type-page","status-publish","hentry"],"_links":{"self":[{"href":"https:\/\/www.stallgoop.se\/index.php\/wp-json\/wp\/v2\/pages\/1423","targetHints":{"allow":["GET"]}}],"collection":[{"href":"https:\/\/www.stallgoop.se\/index.php\/wp-json\/wp\/v2\/pages"}],"about":[{"href":"https:\/\/www.stallgoop.se\/index.php\/wp-json\/wp\/v2\/types\/page"}],"author":[{"embeddable":true,"href":"https:\/\/www.stallgoop.se\/index.php\/wp-json\/wp\/v2\/users\/1"}],"replies":[{"embeddable":true,"href":"https:\/\/www.stallgoop.se\/index.php\/wp-json\/wp\/v2\/comments?post=1423"}],"version-history":[{"count":14,"href":"https:\/\/www.stallgoop.se\/index.php\/wp-json\/wp\/v2\/pages\/1423\/revisions"}],"predecessor-version":[{"id":55923,"href":"https:\/\/www.stallgoop.se\/index.php\/wp-json\/wp\/v2\/pages\/1423\/revisions\/55923"}],"wp:attachment":[{"href":"https:\/\/www.stallgoop.se\/index.php\/wp-json\/wp\/v2\/media?parent=1423"}],"curies":[{"name":"wp","href":"https:\/\/api.w.org\/{rel}","templated":true}]}}