{"id":55750,"date":"2025-04-24T13:01:00","date_gmt":"2025-04-24T11:01:00","guid":{"rendered":"https:\/\/www.stallgoop.se\/?page_id=55750"},"modified":"2025-07-01T18:35:46","modified_gmt":"2025-07-01T16:35:46","slug":"starter","status":"publish","type":"page","link":"https:\/\/www.stallgoop.se\/index.php\/starter\/","title":{"rendered":"Starter"},"content":{"rendered":"\n<div class=\"wp-block-columns is-layout-flex wp-container-core-columns-is-layout-9d6595d7 wp-block-columns-is-layout-flex\">\n<div class=\"wp-block-column is-layout-flow wp-block-column-is-layout-flow\"><div class=\"goop-starters\"><ul><li><strong>MAGIC BOURBON<\/strong><br>Kusk: Goop Bj\u00f6rn<br>Tr\u00e4nare: Bj\u00f6rn Goop<br>Lopp 6 p\u00e5 Bolln\u00e4s<br>Datum & Tid: 2026-04-18 kl. 16:32<br><a href='https:\/\/sportapp.travsport.se\/race\/raceday\/ts616255\/startlist\/6' target='_blank'>Travsport<\/a> | <a href='https:\/\/www.atg.se\/spel\/2026-04-18\/vinnare\/bollnas\/lopp\/6' target='_blank'>ATG<\/a><\/li><li><strong>CAMERON HILLS<\/strong><br>Kusk: Goop Bj\u00f6rn<br>Tr\u00e4nare: Bj\u00f6rn Goop<br>Lopp 9 p\u00e5 Bolln\u00e4s<br>Datum & Tid: 2026-04-18 kl. 17:38<br><a href='https:\/\/sportapp.travsport.se\/race\/raceday\/ts616255\/startlist\/9' target='_blank'>Travsport<\/a> | <a href='https:\/\/www.atg.se\/spel\/2026-04-18\/vinnare\/bollnas\/lopp\/9' target='_blank'>ATG<\/a><\/li><li><strong>I'M A DANCER<\/strong><br>Kusk: Goop Bj\u00f6rn<br>Tr\u00e4nare: Bj\u00f6rn Goop<br>Lopp 12 p\u00e5 Bolln\u00e4s<br>Datum & Tid: 2026-04-18 kl. 18:45<br><a href='https:\/\/sportapp.travsport.se\/race\/raceday\/ts616255\/startlist\/12' target='_blank'>Travsport<\/a> | <a href='https:\/\/www.atg.se\/spel\/2026-04-18\/vinnare\/bollnas\/lopp\/12' target='_blank'>ATG<\/a><\/li><li><strong>LEGLIGIN<\/strong><br>Kusk: Linderoth Per<br>Tr\u00e4nare: Bj\u00f6rn Goop<br>Lopp 12 p\u00e5 Bolln\u00e4s<br>Datum & Tid: 2026-04-18 kl. 18:45<br><a href='https:\/\/sportapp.travsport.se\/race\/raceday\/ts616255\/startlist\/12' target='_blank'>Travsport<\/a> | <a href='https:\/\/www.atg.se\/spel\/2026-04-18\/vinnare\/bollnas\/lopp\/12' target='_blank'>ATG<\/a><\/li><li><strong>GREY MARKET<\/strong><br>Kusk: Linderoth Per<br>Tr\u00e4nare: Bj\u00f6rn Goop<br>Lopp 8 p\u00e5 \u00c5rj\u00e4ng<br>Datum & Tid: 2026-04-19 kl. 16:28<br><a href='https:\/\/sportapp.travsport.se\/race\/raceday\/ts616258\/startlist\/8' target='_blank'>Travsport<\/a> | <a href='https:\/\/www.atg.se\/spel\/2026-04-19\/vinnare\/arjang\/lopp\/8' target='_blank'>ATG<\/a><\/li><li><strong>NAGOIA<\/strong><br>Kusk: Linderoth Per<br>Tr\u00e4nare: Bj\u00f6rn Goop<br>Lopp 13 p\u00e5 \u00c5rj\u00e4ng<br>Datum & Tid: 2026-04-19 kl. 13:15<br><a href='https:\/\/sportapp.travsport.se\/race\/raceday\/ts616258\/startlist\/13' target='_blank'>Travsport<\/a> | <a href='https:\/\/www.atg.se\/spel\/2026-04-19\/vinnare\/arjang\/lopp\/13' target='_blank'>ATG<\/a><\/li><li><strong>MAGICLOVE DUCAMPUS*<\/strong><br>Kusk: Goop Bj\u00f6rn<br>Tr\u00e4nare: Bj\u00f6rn Goop<br>Lopp 1 p\u00e5 Axevalla<br>Datum & Tid: 2026-04-21 kl. 17:45<br><a href='https:\/\/sportapp.travsport.se\/race\/raceday\/ts616262\/startlist\/1' target='_blank'>Travsport<\/a> | <a href='https:\/\/www.atg.se\/spel\/2026-04-21\/vinnare\/axevalla\/lopp\/1' target='_blank'>ATG<\/a><\/li><li><strong>CASH MONI<\/strong><br>Kusk: Goop Bj\u00f6rn<br>Tr\u00e4nare: Bj\u00f6rn Goop<br>Lopp 7 p\u00e5 Axevalla<br>Datum & Tid: 2026-04-21 kl. 20:00<br><a href='https:\/\/sportapp.travsport.se\/race\/raceday\/ts616262\/startlist\/7' target='_blank'>Travsport<\/a> | <a href='https:\/\/www.atg.se\/spel\/2026-04-21\/vinnare\/axevalla\/lopp\/7' target='_blank'>ATG<\/a><\/li><li><strong>RAPID PAL<\/strong><br>Kusk: Goop Bj\u00f6rn<br>Tr\u00e4nare: Bj\u00f6rn Goop<br>Lopp 8 p\u00e5 Axevalla<br>Datum & Tid: 2026-04-21 kl. 20:22<br><a href='https:\/\/sportapp.travsport.se\/race\/raceday\/ts616262\/startlist\/8' target='_blank'>Travsport<\/a> | <a href='https:\/\/www.atg.se\/spel\/2026-04-21\/vinnare\/axevalla\/lopp\/8' target='_blank'>ATG<\/a><\/li><li><strong>GO STEED (IT)<\/strong><br>Kusk: Goop Bj\u00f6rn<br>Tr\u00e4nare: Bj\u00f6rn Goop<br>Lopp 2 p\u00e5 Solvalla<br>Datum & Tid: 2026-04-22 kl. 18:39<br><a href='https:\/\/sportapp.travsport.se\/race\/raceday\/ts616265\/startlist\/2' target='_blank'>Travsport<\/a> | <a href='https:\/\/www.atg.se\/spel\/2026-04-22\/vinnare\/solvalla\/lopp\/2' target='_blank'>ATG<\/a><\/li><li><strong>LUGANO CORTINA* (DE)<\/strong><br>Kusk: Goop Bj\u00f6rn<br>Tr\u00e4nare: Bj\u00f6rn Goop<br>Lopp 3 p\u00e5 Solvalla<br>Datum & Tid: 2026-04-22 kl. 19:03<br><a href='https:\/\/sportapp.travsport.se\/race\/raceday\/ts616265\/startlist\/3' target='_blank'>Travsport<\/a> | <a href='https:\/\/www.atg.se\/spel\/2026-04-22\/vinnare\/solvalla\/lopp\/3' target='_blank'>ATG<\/a><\/li><li><strong>HVENHILDA QUICK<\/strong><br>Kusk: Goop Bj\u00f6rn<br>Tr\u00e4nare: Bj\u00f6rn Goop<br>Lopp 5 p\u00e5 Solvalla<br>Datum & Tid: 2026-04-22 kl. 19:51<br><a href='https:\/\/sportapp.travsport.se\/race\/raceday\/ts616265\/startlist\/5' target='_blank'>Travsport<\/a> | <a href='https:\/\/www.atg.se\/spel\/2026-04-22\/vinnare\/solvalla\/lopp\/5' target='_blank'>ATG<\/a><\/li><li><strong>ROSA PARKS PELLINI<\/strong><br>Kusk: Goop Bj\u00f6rn<br>Tr\u00e4nare: Bj\u00f6rn Goop<br>Lopp 7 p\u00e5 Solvalla<br>Datum & Tid: 2026-04-22 kl. 20:41<br><a href='https:\/\/sportapp.travsport.se\/race\/raceday\/ts616265\/startlist\/7' target='_blank'>Travsport<\/a> | <a href='https:\/\/www.atg.se\/spel\/2026-04-22\/vinnare\/solvalla\/lopp\/7' target='_blank'>ATG<\/a><\/li><li><strong>SAHIT\u00c5 N.N.<\/strong><br>Kusk: Goop Bj\u00f6rn<br>Tr\u00e4nare: Bj\u00f6rn Goop<br>Lopp 9 p\u00e5 Solvalla<br>Datum & Tid: 2026-04-22 kl. 21:26<br><a href='https:\/\/sportapp.travsport.se\/race\/raceday\/ts616265\/startlist\/9' target='_blank'>Travsport<\/a> | <a href='https:\/\/www.atg.se\/spel\/2026-04-22\/vinnare\/solvalla\/lopp\/9' target='_blank'>ATG<\/a><\/li><li><strong>UGALLI<\/strong><br>Kusk: Goop Bj\u00f6rn<br>Tr\u00e4nare: Bj\u00f6rn Goop<br>Lopp 10 p\u00e5 Solvalla<br>Datum & Tid: 2026-04-22 kl. 21:51<br><a href='https:\/\/sportapp.travsport.se\/race\/raceday\/ts616265\/startlist\/10' target='_blank'>Travsport<\/a> | <a href='https:\/\/www.atg.se\/spel\/2026-04-22\/vinnare\/solvalla\/lopp\/10' target='_blank'>ATG<\/a><\/li><li><strong>ALASTAIR<\/strong><br>Kusk: Linderoth Per<br>Tr\u00e4nare: Bj\u00f6rn Goop<br>Lopp 2 p\u00e5 \u00c5by<br>Datum & Tid: 2026-04-22 kl. 18:51<br><a href='https:\/\/sportapp.travsport.se\/race\/raceday\/ts616266\/startlist\/2' target='_blank'>Travsport<\/a> | <a href='https:\/\/www.atg.se\/spel\/2026-04-22\/vinnare\/aby\/lopp\/2' target='_blank'>ATG<\/a><\/li><li><strong>HYANNIS PORT (FR)<\/strong><br>Kusk: Linderoth Per<br>Tr\u00e4nare: Bj\u00f6rn Goop<br>Lopp 8 p\u00e5 \u00c5by<br>Datum & Tid: 2026-04-22 kl. 21:15<br><a href='https:\/\/sportapp.travsport.se\/race\/raceday\/ts616266\/startlist\/8' target='_blank'>Travsport<\/a> | <a href='https:\/\/www.atg.se\/spel\/2026-04-22\/vinnare\/aby\/lopp\/8' target='_blank'>ATG<\/a><\/li><\/ul><\/div>\n<\/div>\n\n\n\n<div class=\"wp-block-column is-layout-flow wp-block-column-is-layout-flow\"><div class=\"goop-starters\"><ul><li><strong>BRAVO ALICIA<\/strong><br>Kusk: Bj\u00f6rn Goop<br>Tr\u00e4nare: Wiborg Anton<br>Lopp 4 p\u00e5 Bolln\u00e4s<br>Datum & Tid: 2026-04-18 kl. 15:43<br><a href='https:\/\/sportapp.travsport.se\/race\/raceday\/ts616255\/startlist\/4' target='_blank'>Travsport<\/a> | <a href='https:\/\/www.atg.se\/spel\/2026-04-18\/vinnare\/bollnas\/lopp\/4' target='_blank'>ATG<\/a><\/li><li><strong>MAGIC BOURBON<\/strong><br>Kusk: Bj\u00f6rn Goop<br>Tr\u00e4nare: Goop Bj\u00f6rn<br>Lopp 6 p\u00e5 Bolln\u00e4s<br>Datum & Tid: 2026-04-18 kl. 16:32<br><a href='https:\/\/sportapp.travsport.se\/race\/raceday\/ts616255\/startlist\/6' target='_blank'>Travsport<\/a> | <a href='https:\/\/www.atg.se\/spel\/2026-04-18\/vinnare\/bollnas\/lopp\/6' target='_blank'>ATG<\/a><\/li><li><strong>SACREBLEU<\/strong><br>Kusk: Bj\u00f6rn Goop<br>Tr\u00e4nare: Pihlstr\u00f6m Markus<br>Lopp 7 p\u00e5 Bolln\u00e4s<br>Datum & Tid: 2026-04-18 kl. 16:54<br><a href='https:\/\/sportapp.travsport.se\/race\/raceday\/ts616255\/startlist\/7' target='_blank'>Travsport<\/a> | <a href='https:\/\/www.atg.se\/spel\/2026-04-18\/vinnare\/bollnas\/lopp\/7' target='_blank'>ATG<\/a><\/li><li><strong>J\u00c4RVS\u00d6 KURT<\/strong><br>Kusk: Bj\u00f6rn Goop<br>Tr\u00e4nare: Persson Jan-Olov<br>Lopp 8 p\u00e5 Bolln\u00e4s<br>Datum & Tid: 2026-04-18 kl. 17:16<br><a href='https:\/\/sportapp.travsport.se\/race\/raceday\/ts616255\/startlist\/8' target='_blank'>Travsport<\/a> | <a href='https:\/\/www.atg.se\/spel\/2026-04-18\/vinnare\/bollnas\/lopp\/8' target='_blank'>ATG<\/a><\/li><li><strong>CAMERON HILLS<\/strong><br>Kusk: Bj\u00f6rn Goop<br>Tr\u00e4nare: Goop Bj\u00f6rn<br>Lopp 9 p\u00e5 Bolln\u00e4s<br>Datum & Tid: 2026-04-18 kl. 17:38<br><a href='https:\/\/sportapp.travsport.se\/race\/raceday\/ts616255\/startlist\/9' target='_blank'>Travsport<\/a> | <a href='https:\/\/www.atg.se\/spel\/2026-04-18\/vinnare\/bollnas\/lopp\/9' target='_blank'>ATG<\/a><\/li><li><strong>POWWOW* (NO)<\/strong><br>Kusk: Bj\u00f6rn Goop<br>Tr\u00e4nare: Waaler Jan Kristian<br>Lopp 11 p\u00e5 Bolln\u00e4s<br>Datum & Tid: 2026-04-18 kl. 18:25<br><a href='https:\/\/sportapp.travsport.se\/race\/raceday\/ts616255\/startlist\/11' target='_blank'>Travsport<\/a> | <a href='https:\/\/www.atg.se\/spel\/2026-04-18\/vinnare\/bollnas\/lopp\/11' target='_blank'>ATG<\/a><\/li><li><strong>I'M A DANCER<\/strong><br>Kusk: Bj\u00f6rn Goop<br>Tr\u00e4nare: Goop Bj\u00f6rn<br>Lopp 12 p\u00e5 Bolln\u00e4s<br>Datum & Tid: 2026-04-18 kl. 18:45<br><a href='https:\/\/sportapp.travsport.se\/race\/raceday\/ts616255\/startlist\/12' target='_blank'>Travsport<\/a> | <a href='https:\/\/www.atg.se\/spel\/2026-04-18\/vinnare\/bollnas\/lopp\/12' target='_blank'>ATG<\/a><\/li><li><strong>MAGICLOVE DUCAMPUS*<\/strong><br>Kusk: Bj\u00f6rn Goop<br>Tr\u00e4nare: Goop Bj\u00f6rn<br>Lopp 1 p\u00e5 Axevalla<br>Datum & Tid: 2026-04-21 kl. 17:45<br><a href='https:\/\/sportapp.travsport.se\/race\/raceday\/ts616262\/startlist\/1' target='_blank'>Travsport<\/a> | <a href='https:\/\/www.atg.se\/spel\/2026-04-21\/vinnare\/axevalla\/lopp\/1' target='_blank'>ATG<\/a><\/li><li><strong>V\u00c4STERBO LIBERTE<\/strong><br>Kusk: Bj\u00f6rn Goop<br>Tr\u00e4nare: Wallin Fredrik<br>Lopp 2 p\u00e5 Axevalla<br>Datum & Tid: 2026-04-21 kl. 18:07<br><a href='https:\/\/sportapp.travsport.se\/race\/raceday\/ts616262\/startlist\/2' target='_blank'>Travsport<\/a> | <a href='https:\/\/www.atg.se\/spel\/2026-04-21\/vinnare\/axevalla\/lopp\/2' target='_blank'>ATG<\/a><\/li><li><strong>KALULE SIMONI* (NO)<\/strong><br>Kusk: Bj\u00f6rn Goop<br>Tr\u00e4nare: Pedersen Kim<br>Lopp 3 p\u00e5 Axevalla<br>Datum & Tid: 2026-04-21 kl. 18:30<br><a href='https:\/\/sportapp.travsport.se\/race\/raceday\/ts616262\/startlist\/3' target='_blank'>Travsport<\/a> | <a href='https:\/\/www.atg.se\/spel\/2026-04-21\/vinnare\/axevalla\/lopp\/3' target='_blank'>ATG<\/a><\/li><li><strong>TOPUP CHARLIE<\/strong><br>Kusk: Bj\u00f6rn Goop<br>Tr\u00e4nare: Stenstr\u00f6mer Ulf<br>Lopp 4 p\u00e5 Axevalla<br>Datum & Tid: 2026-04-21 kl. 18:53<br><a href='https:\/\/sportapp.travsport.se\/race\/raceday\/ts616262\/startlist\/4' target='_blank'>Travsport<\/a> | <a href='https:\/\/www.atg.se\/spel\/2026-04-21\/vinnare\/axevalla\/lopp\/4' target='_blank'>ATG<\/a><\/li><li><strong>MAIKEN PALEMA<\/strong><br>Kusk: Bj\u00f6rn Goop<br>Tr\u00e4nare: Crebas Hans<br>Lopp 5 p\u00e5 Axevalla<br>Datum & Tid: 2026-04-21 kl. 19:15<br><a href='https:\/\/sportapp.travsport.se\/race\/raceday\/ts616262\/startlist\/5' target='_blank'>Travsport<\/a> | <a href='https:\/\/www.atg.se\/spel\/2026-04-21\/vinnare\/axevalla\/lopp\/5' target='_blank'>ATG<\/a><\/li><li><strong>CASH MONI<\/strong><br>Kusk: Bj\u00f6rn Goop<br>Tr\u00e4nare: Goop Bj\u00f6rn<br>Lopp 7 p\u00e5 Axevalla<br>Datum & Tid: 2026-04-21 kl. 20:00<br><a href='https:\/\/sportapp.travsport.se\/race\/raceday\/ts616262\/startlist\/7' target='_blank'>Travsport<\/a> | <a href='https:\/\/www.atg.se\/spel\/2026-04-21\/vinnare\/axevalla\/lopp\/7' target='_blank'>ATG<\/a><\/li><li><strong>RAPID PAL<\/strong><br>Kusk: Bj\u00f6rn Goop<br>Tr\u00e4nare: Goop Bj\u00f6rn<br>Lopp 8 p\u00e5 Axevalla<br>Datum & Tid: 2026-04-21 kl. 20:22<br><a href='https:\/\/sportapp.travsport.se\/race\/raceday\/ts616262\/startlist\/8' target='_blank'>Travsport<\/a> | <a href='https:\/\/www.atg.se\/spel\/2026-04-21\/vinnare\/axevalla\/lopp\/8' target='_blank'>ATG<\/a><\/li><li><strong>NIGHT FLIGHT<\/strong><br>Kusk: Bj\u00f6rn Goop<br>Tr\u00e4nare: Sch\u00f6n Marcus<br>Lopp 1 p\u00e5 Solvalla<br>Datum & Tid: 2026-04-22 kl. 18:15<br><a href='https:\/\/sportapp.travsport.se\/race\/raceday\/ts616265\/startlist\/1' target='_blank'>Travsport<\/a> | <a href='https:\/\/www.atg.se\/spel\/2026-04-22\/vinnare\/solvalla\/lopp\/1' target='_blank'>ATG<\/a><\/li><li><strong>GO STEED (IT)<\/strong><br>Kusk: Bj\u00f6rn Goop<br>Tr\u00e4nare: Goop Bj\u00f6rn<br>Lopp 2 p\u00e5 Solvalla<br>Datum & Tid: 2026-04-22 kl. 18:39<br><a href='https:\/\/sportapp.travsport.se\/race\/raceday\/ts616265\/startlist\/2' target='_blank'>Travsport<\/a> | <a href='https:\/\/www.atg.se\/spel\/2026-04-22\/vinnare\/solvalla\/lopp\/2' target='_blank'>ATG<\/a><\/li><li><strong>LUGANO CORTINA* (DE)<\/strong><br>Kusk: Bj\u00f6rn Goop<br>Tr\u00e4nare: Goop Bj\u00f6rn<br>Lopp 3 p\u00e5 Solvalla<br>Datum & Tid: 2026-04-22 kl. 19:03<br><a href='https:\/\/sportapp.travsport.se\/race\/raceday\/ts616265\/startlist\/3' target='_blank'>Travsport<\/a> | <a href='https:\/\/www.atg.se\/spel\/2026-04-22\/vinnare\/solvalla\/lopp\/3' target='_blank'>ATG<\/a><\/li><li><strong>HVENHILDA QUICK<\/strong><br>Kusk: Bj\u00f6rn Goop<br>Tr\u00e4nare: Goop Bj\u00f6rn<br>Lopp 5 p\u00e5 Solvalla<br>Datum & Tid: 2026-04-22 kl. 19:51<br><a href='https:\/\/sportapp.travsport.se\/race\/raceday\/ts616265\/startlist\/5' target='_blank'>Travsport<\/a> | <a href='https:\/\/www.atg.se\/spel\/2026-04-22\/vinnare\/solvalla\/lopp\/5' target='_blank'>ATG<\/a><\/li><li><strong>GAINING EXPERIENCE<\/strong><br>Kusk: Bj\u00f6rn Goop<br>Tr\u00e4nare: Nurmos Timo<br>Lopp 6 p\u00e5 Solvalla<br>Datum & Tid: 2026-04-22 kl. 20:13<br><a href='https:\/\/sportapp.travsport.se\/race\/raceday\/ts616265\/startlist\/6' target='_blank'>Travsport<\/a> | <a href='https:\/\/www.atg.se\/spel\/2026-04-22\/vinnare\/solvalla\/lopp\/6' target='_blank'>ATG<\/a><\/li><li><strong>ROSA PARKS PELLINI<\/strong><br>Kusk: Bj\u00f6rn Goop<br>Tr\u00e4nare: Goop Bj\u00f6rn<br>Lopp 7 p\u00e5 Solvalla<br>Datum & Tid: 2026-04-22 kl. 20:41<br><a href='https:\/\/sportapp.travsport.se\/race\/raceday\/ts616265\/startlist\/7' target='_blank'>Travsport<\/a> | <a href='https:\/\/www.atg.se\/spel\/2026-04-22\/vinnare\/solvalla\/lopp\/7' target='_blank'>ATG<\/a><\/li><li><strong>SAHIT\u00c5 N.N.<\/strong><br>Kusk: Bj\u00f6rn Goop<br>Tr\u00e4nare: Goop Bj\u00f6rn<br>Lopp 9 p\u00e5 Solvalla<br>Datum & Tid: 2026-04-22 kl. 21:26<br><a href='https:\/\/sportapp.travsport.se\/race\/raceday\/ts616265\/startlist\/9' target='_blank'>Travsport<\/a> | <a href='https:\/\/www.atg.se\/spel\/2026-04-22\/vinnare\/solvalla\/lopp\/9' target='_blank'>ATG<\/a><\/li><li><strong>UGALLI<\/strong><br>Kusk: Bj\u00f6rn Goop<br>Tr\u00e4nare: Goop Bj\u00f6rn<br>Lopp 10 p\u00e5 Solvalla<br>Datum & Tid: 2026-04-22 kl. 21:51<br><a href='https:\/\/sportapp.travsport.se\/race\/raceday\/ts616265\/startlist\/10' target='_blank'>Travsport<\/a> | <a href='https:\/\/www.atg.se\/spel\/2026-04-22\/vinnare\/solvalla\/lopp\/10' target='_blank'>ATG<\/a><\/li><li><strong>NO HITTER<\/strong><br>Kusk: Bj\u00f6rn Goop<br>Tr\u00e4nare: Kagebrant Sabine<br>Lopp 13 p\u00e5 Solvalla<br>Datum & Tid: 2026-04-22 kl. 16:35<br><a href='https:\/\/sportapp.travsport.se\/race\/raceday\/ts616265\/startlist\/13' target='_blank'>Travsport<\/a> | <a href='https:\/\/www.atg.se\/spel\/2026-04-22\/vinnare\/solvalla\/lopp\/13' target='_blank'>ATG<\/a><\/li><\/ul><\/div>\n<\/div>\n<\/div>\n\n\n<p>[goop_pmu_starts]<\/p>\n","protected":false},"excerpt":{"rendered":"","protected":false},"author":1,"featured_media":0,"parent":0,"menu_order":0,"comment_status":"closed","ping_status":"closed","template":"","meta":{"footnotes":""},"class_list":["post-55750","page","type-page","status-publish","hentry"],"_links":{"self":[{"href":"https:\/\/www.stallgoop.se\/index.php\/wp-json\/wp\/v2\/pages\/55750","targetHints":{"allow":["GET"]}}],"collection":[{"href":"https:\/\/www.stallgoop.se\/index.php\/wp-json\/wp\/v2\/pages"}],"about":[{"href":"https:\/\/www.stallgoop.se\/index.php\/wp-json\/wp\/v2\/types\/page"}],"author":[{"embeddable":true,"href":"https:\/\/www.stallgoop.se\/index.php\/wp-json\/wp\/v2\/users\/1"}],"replies":[{"embeddable":true,"href":"https:\/\/www.stallgoop.se\/index.php\/wp-json\/wp\/v2\/comments?post=55750"}],"version-history":[{"count":14,"href":"https:\/\/www.stallgoop.se\/index.php\/wp-json\/wp\/v2\/pages\/55750\/revisions"}],"predecessor-version":[{"id":55942,"href":"https:\/\/www.stallgoop.se\/index.php\/wp-json\/wp\/v2\/pages\/55750\/revisions\/55942"}],"wp:attachment":[{"href":"https:\/\/www.stallgoop.se\/index.php\/wp-json\/wp\/v2\/media?parent=55750"}],"curies":[{"name":"wp","href":"https:\/\/api.w.org\/{rel}","templated":true}]}}